{"id":597,"date":"2023-12-25T17:02:46","date_gmt":"2023-12-25T14:02:46","guid":{"rendered":"https:\/\/team-bee.com\/index.php\/%d0%b1%d0%bb%d0%be%d0%b3\/"},"modified":"2024-06-05T14:43:39","modified_gmt":"2024-06-05T11:43:39","slug":"%d0%b1%d0%bb%d0%be%d0%b3","status":"publish","type":"page","link":"https:\/\/team-bee.com\/ru\/index.php\/%d0%b1%d0%bb%d0%be%d0%b3\/","title":{"rendered":"\u0411\u043b\u043e\u0433"},"content":{"rendered":"\t\t<div data-elementor-type=\"wp-page\" data-elementor-id=\"597\" class=\"elementor elementor-597 elementor-214\" data-elementor-post-type=\"page\">\n\t\t\t\t\t\t\t<div class=\"elementor-element elementor-element-252e3bd e-con-full e-flex e-con e-parent\" data-id=\"252e3bd\" data-element_type=\"container\" data-settings=\"{&quot;content_width&quot;:&quot;full&quot;,&quot;background_background&quot;:&quot;classic&quot;}\" data-core-v316-plus=\"true\">\n\t\t\t\t<div class=\"elementor-element elementor-element-7e977c7 elementor-widget elementor-widget-heading\" data-id=\"7e977c7\" data-element_type=\"widget\" data-widget_type=\"heading.default\">\n\t\t\t\t<div class=\"elementor-widget-container\">\n\t\t\t<style>\/*! elementor - v3.17.0 - 08-11-2023 *\/\n.elementor-heading-title{padding:0;margin:0;line-height:1}.elementor-widget-heading .elementor-heading-title[class*=elementor-size-]>a{color:inherit;font-size:inherit;line-height:inherit}.elementor-widget-heading .elementor-heading-title.elementor-size-small{font-size:15px}.elementor-widget-heading .elementor-heading-title.elementor-size-medium{font-size:19px}.elementor-widget-heading .elementor-heading-title.elementor-size-large{font-size:29px}.elementor-widget-heading .elementor-heading-title.elementor-size-xl{font-size:39px}.elementor-widget-heading .elementor-heading-title.elementor-size-xxl{font-size:59px}<\/style><h2 class=\"elementor-heading-title elementor-size-default\">\u0411\u043b\u043e\u0433<\/h2>\t\t<\/div>\n\t\t\t\t<\/div>\n\t\t\t\t<div class=\"elementor-element elementor-element-3ad686c elementor-widget elementor-widget-text-editor\" data-id=\"3ad686c\" data-element_type=\"widget\" data-widget_type=\"text-editor.default\">\n\t\t\t\t<div class=\"elementor-widget-container\">\n\t\t\t<style>\/*! elementor - v3.17.0 - 08-11-2023 *\/\n.elementor-widget-text-editor.elementor-drop-cap-view-stacked .elementor-drop-cap{background-color:#69727d;color:#fff}.elementor-widget-text-editor.elementor-drop-cap-view-framed .elementor-drop-cap{color:#69727d;border:3px solid;background-color:transparent}.elementor-widget-text-editor:not(.elementor-drop-cap-view-default) .elementor-drop-cap{margin-top:8px}.elementor-widget-text-editor:not(.elementor-drop-cap-view-default) .elementor-drop-cap-letter{width:1em;height:1em}.elementor-widget-text-editor .elementor-drop-cap{float:left;text-align:center;line-height:1;font-size:50px}.elementor-widget-text-editor .elementor-drop-cap-letter{display:inline-block}<\/style>\t\t\t\t<p>\u041f\u0440\u0430\u043a\u0442\u0438\u0447\u0435\u0441\u043a\u0430\u044f \u0438\u043d\u0444\u043e\u0440\u043c\u0430\u0446\u0438\u044f, \u0441\u043e\u0432\u0440\u0435\u043c\u0435\u043d\u043d\u044b\u0435 \u0442\u0435\u043d\u0434\u0435\u043d\u0446\u0438\u0438 \u0438 \u0443\u043c\u043d\u044b\u0435 \u0440\u0435\u0448\u0435\u043d\u0438\u044f<\/p>\n\t\t\t\t\t\t<\/div>\n\t\t\t\t<\/div>\n\t\t\t\t<\/div>\n\t\t<div class=\"elementor-element elementor-element-53c8611 e-flex e-con-boxed e-con e-parent\" data-id=\"53c8611\" data-element_type=\"container\" data-settings=\"{&quot;content_width&quot;:&quot;boxed&quot;}\" data-core-v316-plus=\"true\">\n\t\t\t\t\t<div class=\"e-con-inner\">\n\t\t\t\t\t<\/div>\n\t\t\t\t<\/div>\n\t\t\t\t\t\t\t<\/div>\n\t\t","protected":false},"excerpt":{"rendered":"<p>\u0411\u043b\u043e\u0433 \u041f\u0440\u0430\u043a\u0442\u0438\u0447\u0435\u0441\u043a\u0430\u044f \u0438\u043d\u0444\u043e\u0440\u043c\u0430\u0446\u0438\u044f, \u0441\u043e\u0432\u0440\u0435\u043c\u0435\u043d\u043d\u044b\u0435 \u0442\u0435\u043d\u0434\u0435\u043d\u0446\u0438\u0438 \u0438 \u0443\u043c\u043d\u044b\u0435 \u0440\u0435\u0448\u0435\u043d\u0438\u044f<\/p>\n","protected":false},"author":1,"featured_media":0,"parent":0,"menu_order":0,"comment_status":"closed","ping_status":"closed","template":"elementor_header_footer","meta":{"_vp_format_video_url":"","_vp_image_focal_point":[],"footnotes":""},"class_list":["post-597","page","type-page","status-publish","hentry","entry"],"yoast_head":"<!-- This site is optimized with the Yoast SEO plugin v23.7 - https:\/\/yoast.com\/wordpress\/plugins\/seo\/ -->\n<title>\u0411\u043b\u043e\u0433 - Team Bee Investment<\/title>\n<meta name=\"robots\" content=\"index, follow, max-snippet:-1, max-image-preview:large, max-video-preview:-1\" \/>\n<link rel=\"canonical\" href=\"https:\/\/team-bee.com\/index.php\/blog\/\" \/>\n<meta property=\"og:locale\" content=\"ru_RU\" \/>\n<meta property=\"og:type\" content=\"article\" \/>\n<meta property=\"og:title\" content=\"\u0411\u043b\u043e\u0433 - Team Bee Investment\" \/>\n<meta property=\"og:description\" content=\"\u0411\u043b\u043e\u0433 \u041f\u0440\u0430\u043a\u0442\u0438\u0447\u0435\u0441\u043a\u0430\u044f \u0438\u043d\u0444\u043e\u0440\u043c\u0430\u0446\u0438\u044f, \u0441\u043e\u0432\u0440\u0435\u043c\u0435\u043d\u043d\u044b\u0435 \u0442\u0435\u043d\u0434\u0435\u043d\u0446\u0438\u0438 \u0438 \u0443\u043c\u043d\u044b\u0435 \u0440\u0435\u0448\u0435\u043d\u0438\u044f\" \/>\n<meta property=\"og:url\" content=\"https:\/\/team-bee.com\/index.php\/blog\/\" \/>\n<meta property=\"og:site_name\" content=\"Team Bee Investment\" \/>\n<meta property=\"article:publisher\" content=\"https:\/\/www.facebook.com\/teambeeinvestment\" \/>\n<meta property=\"article:modified_time\" content=\"2024-06-05T11:43:39+00:00\" \/>\n<meta name=\"twitter:card\" content=\"summary_large_image\" \/>\n<script type=\"application\/ld+json\" class=\"yoast-schema-graph\">{\"@context\":\"https:\/\/schema.org\",\"@graph\":[{\"@type\":\"WebPage\",\"@id\":\"https:\/\/team-bee.com\/index.php\/blog\/\",\"url\":\"https:\/\/team-bee.com\/index.php\/blog\/\",\"name\":\"\u0411\u043b\u043e\u0433 - Team Bee Investment\",\"isPartOf\":{\"@id\":\"https:\/\/team-bee.com\/#website\"},\"datePublished\":\"2023-12-25T14:02:46+00:00\",\"dateModified\":\"2024-06-05T11:43:39+00:00\",\"breadcrumb\":{\"@id\":\"https:\/\/team-bee.com\/index.php\/blog\/#breadcrumb\"},\"inLanguage\":\"ru-RU\",\"potentialAction\":[{\"@type\":\"ReadAction\",\"target\":[\"https:\/\/team-bee.com\/index.php\/blog\/\"]}]},{\"@type\":\"BreadcrumbList\",\"@id\":\"https:\/\/team-bee.com\/index.php\/blog\/#breadcrumb\",\"itemListElement\":[{\"@type\":\"ListItem\",\"position\":1,\"name\":\"Anasayfa\",\"item\":\"https:\/\/team-bee.com\/\"},{\"@type\":\"ListItem\",\"position\":2,\"name\":\"\u0411\u043b\u043e\u0433\"}]},{\"@type\":\"WebSite\",\"@id\":\"https:\/\/team-bee.com\/#website\",\"url\":\"https:\/\/team-bee.com\/\",\"name\":\"Team Bee Investment\",\"description\":\"Sizin \u0130\u00e7in Yat\u0131r\u0131m, Bizim \u0130\u00e7in Gelecek\",\"publisher\":{\"@id\":\"https:\/\/team-bee.com\/#organization\"},\"potentialAction\":[{\"@type\":\"SearchAction\",\"target\":{\"@type\":\"EntryPoint\",\"urlTemplate\":\"https:\/\/team-bee.com\/?s={search_term_string}\"},\"query-input\":{\"@type\":\"PropertyValueSpecification\",\"valueRequired\":true,\"valueName\":\"search_term_string\"}}],\"inLanguage\":\"ru-RU\"},{\"@type\":\"Organization\",\"@id\":\"https:\/\/team-bee.com\/#organization\",\"name\":\"Team Bee Investment\",\"url\":\"https:\/\/team-bee.com\/\",\"logo\":{\"@type\":\"ImageObject\",\"inLanguage\":\"ru-RU\",\"@id\":\"https:\/\/team-bee.com\/#\/schema\/logo\/image\/\",\"url\":\"https:\/\/team-bee.com\/wp-content\/uploads\/2023\/11\/teambeeLogo.png\",\"contentUrl\":\"https:\/\/team-bee.com\/wp-content\/uploads\/2023\/11\/teambeeLogo.png\",\"width\":1851,\"height\":566,\"caption\":\"Team Bee Investment\"},\"image\":{\"@id\":\"https:\/\/team-bee.com\/#\/schema\/logo\/image\/\"},\"sameAs\":[\"https:\/\/www.facebook.com\/teambeeinvestment\",\"https:\/\/www.instagram.com\/teambeeinvestment\/\"]}]}<\/script>\n<!-- \/ Yoast SEO plugin. -->","yoast_head_json":{"title":"\u0411\u043b\u043e\u0433 - Team Bee Investment","robots":{"index":"index","follow":"follow","max-snippet":"max-snippet:-1","max-image-preview":"max-image-preview:large","max-video-preview":"max-video-preview:-1"},"canonical":"https:\/\/team-bee.com\/index.php\/blog\/","og_locale":"ru_RU","og_type":"article","og_title":"\u0411\u043b\u043e\u0433 - Team Bee Investment","og_description":"\u0411\u043b\u043e\u0433 \u041f\u0440\u0430\u043a\u0442\u0438\u0447\u0435\u0441\u043a\u0430\u044f \u0438\u043d\u0444\u043e\u0440\u043c\u0430\u0446\u0438\u044f, \u0441\u043e\u0432\u0440\u0435\u043c\u0435\u043d\u043d\u044b\u0435 \u0442\u0435\u043d\u0434\u0435\u043d\u0446\u0438\u0438 \u0438 \u0443\u043c\u043d\u044b\u0435 \u0440\u0435\u0448\u0435\u043d\u0438\u044f","og_url":"https:\/\/team-bee.com\/index.php\/blog\/","og_site_name":"Team Bee Investment","article_publisher":"https:\/\/www.facebook.com\/teambeeinvestment","article_modified_time":"2024-06-05T11:43:39+00:00","twitter_card":"summary_large_image","schema":{"@context":"https:\/\/schema.org","@graph":[{"@type":"WebPage","@id":"https:\/\/team-bee.com\/index.php\/blog\/","url":"https:\/\/team-bee.com\/index.php\/blog\/","name":"\u0411\u043b\u043e\u0433 - Team Bee Investment","isPartOf":{"@id":"https:\/\/team-bee.com\/#website"},"datePublished":"2023-12-25T14:02:46+00:00","dateModified":"2024-06-05T11:43:39+00:00","breadcrumb":{"@id":"https:\/\/team-bee.com\/index.php\/blog\/#breadcrumb"},"inLanguage":"ru-RU","potentialAction":[{"@type":"ReadAction","target":["https:\/\/team-bee.com\/index.php\/blog\/"]}]},{"@type":"BreadcrumbList","@id":"https:\/\/team-bee.com\/index.php\/blog\/#breadcrumb","itemListElement":[{"@type":"ListItem","position":1,"name":"Anasayfa","item":"https:\/\/team-bee.com\/"},{"@type":"ListItem","position":2,"name":"\u0411\u043b\u043e\u0433"}]},{"@type":"WebSite","@id":"https:\/\/team-bee.com\/#website","url":"https:\/\/team-bee.com\/","name":"Team Bee Investment","description":"Sizin \u0130\u00e7in Yat\u0131r\u0131m, Bizim \u0130\u00e7in Gelecek","publisher":{"@id":"https:\/\/team-bee.com\/#organization"},"potentialAction":[{"@type":"SearchAction","target":{"@type":"EntryPoint","urlTemplate":"https:\/\/team-bee.com\/?s={search_term_string}"},"query-input":{"@type":"PropertyValueSpecification","valueRequired":true,"valueName":"search_term_string"}}],"inLanguage":"ru-RU"},{"@type":"Organization","@id":"https:\/\/team-bee.com\/#organization","name":"Team Bee Investment","url":"https:\/\/team-bee.com\/","logo":{"@type":"ImageObject","inLanguage":"ru-RU","@id":"https:\/\/team-bee.com\/#\/schema\/logo\/image\/","url":"https:\/\/team-bee.com\/wp-content\/uploads\/2023\/11\/teambeeLogo.png","contentUrl":"https:\/\/team-bee.com\/wp-content\/uploads\/2023\/11\/teambeeLogo.png","width":1851,"height":566,"caption":"Team Bee Investment"},"image":{"@id":"https:\/\/team-bee.com\/#\/schema\/logo\/image\/"},"sameAs":["https:\/\/www.facebook.com\/teambeeinvestment","https:\/\/www.instagram.com\/teambeeinvestment\/"]}]}},"_links":{"self":[{"href":"https:\/\/team-bee.com\/ru\/index.php\/wp-json\/wp\/v2\/pages\/597","targetHints":{"allow":["GET"]}}],"collection":[{"href":"https:\/\/team-bee.com\/ru\/index.php\/wp-json\/wp\/v2\/pages"}],"about":[{"href":"https:\/\/team-bee.com\/ru\/index.php\/wp-json\/wp\/v2\/types\/page"}],"author":[{"embeddable":true,"href":"https:\/\/team-bee.com\/ru\/index.php\/wp-json\/wp\/v2\/users\/1"}],"replies":[{"embeddable":true,"href":"https:\/\/team-bee.com\/ru\/index.php\/wp-json\/wp\/v2\/comments?post=597"}],"version-history":[{"count":0,"href":"https:\/\/team-bee.com\/ru\/index.php\/wp-json\/wp\/v2\/pages\/597\/revisions"}],"wp:attachment":[{"href":"https:\/\/team-bee.com\/ru\/index.php\/wp-json\/wp\/v2\/media?parent=597"}],"curies":[{"name":"wp","href":"https:\/\/api.w.org\/{rel}","templated":true}]}}