{"id":572,"date":"2023-12-25T12:22:34","date_gmt":"2023-12-25T09:22:34","guid":{"rendered":"https:\/\/team-bee.com\/index.php\/corporate\/"},"modified":"2024-06-05T14:02:08","modified_gmt":"2024-06-05T11:02:08","slug":"corporate","status":"publish","type":"page","link":"https:\/\/team-bee.com\/en\/index.php\/corporate\/","title":{"rendered":"Corporate"},"content":{"rendered":"\t\t<div data-elementor-type=\"wp-page\" data-elementor-id=\"572\" class=\"elementor elementor-572 elementor-183\" data-elementor-post-type=\"page\">\n\t\t\t\t\t\t\t<div class=\"elementor-element elementor-element-1e48483 e-con-full e-flex e-con e-parent\" data-id=\"1e48483\" data-element_type=\"container\" data-settings=\"{&quot;content_width&quot;:&quot;full&quot;,&quot;background_background&quot;:&quot;classic&quot;}\" data-core-v316-plus=\"true\">\n\t\t\t\t<div class=\"elementor-element elementor-element-317772d elementor-widget elementor-widget-heading\" data-id=\"317772d\" data-element_type=\"widget\" data-widget_type=\"heading.default\">\n\t\t\t\t<div class=\"elementor-widget-container\">\n\t\t\t<style>\/*! elementor - v3.17.0 - 08-11-2023 *\/\n.elementor-heading-title{padding:0;margin:0;line-height:1}.elementor-widget-heading .elementor-heading-title[class*=elementor-size-]>a{color:inherit;font-size:inherit;line-height:inherit}.elementor-widget-heading .elementor-heading-title.elementor-size-small{font-size:15px}.elementor-widget-heading .elementor-heading-title.elementor-size-medium{font-size:19px}.elementor-widget-heading .elementor-heading-title.elementor-size-large{font-size:29px}.elementor-widget-heading .elementor-heading-title.elementor-size-xl{font-size:39px}.elementor-widget-heading .elementor-heading-title.elementor-size-xxl{font-size:59px}<\/style><h2 class=\"elementor-heading-title elementor-size-default\">Corporate<\/h2>\t\t<\/div>\n\t\t\t\t<\/div>\n\t\t\t\t<div class=\"elementor-element elementor-element-373f1c8 elementor-widget elementor-widget-text-editor\" data-id=\"373f1c8\" data-element_type=\"widget\" data-widget_type=\"text-editor.default\">\n\t\t\t\t<div class=\"elementor-widget-container\">\n\t\t\t<style>\/*! elementor - v3.17.0 - 08-11-2023 *\/\n.elementor-widget-text-editor.elementor-drop-cap-view-stacked .elementor-drop-cap{background-color:#69727d;color:#fff}.elementor-widget-text-editor.elementor-drop-cap-view-framed .elementor-drop-cap{color:#69727d;border:3px solid;background-color:transparent}.elementor-widget-text-editor:not(.elementor-drop-cap-view-default) .elementor-drop-cap{margin-top:8px}.elementor-widget-text-editor:not(.elementor-drop-cap-view-default) .elementor-drop-cap-letter{width:1em;height:1em}.elementor-widget-text-editor .elementor-drop-cap{float:left;text-align:center;line-height:1;font-size:50px}.elementor-widget-text-editor .elementor-drop-cap-letter{display:inline-block}<\/style>\t\t\t\t<p>Our Vision, Mission, Success Story: Meet Us<\/p>\n\t\t\t\t\t\t<\/div>\n\t\t\t\t<\/div>\n\t\t\t\t<\/div>\n\t\t<div class=\"elementor-element elementor-element-2bd817b e-flex e-con-boxed e-con e-parent\" data-id=\"2bd817b\" data-element_type=\"container\" data-settings=\"{&quot;content_width&quot;:&quot;boxed&quot;}\" data-core-v316-plus=\"true\">\n\t\t\t\t\t<div class=\"e-con-inner\">\n\t\t<div class=\"elementor-element elementor-element-b72e7a8 e-con-full e-flex e-con e-child\" data-id=\"b72e7a8\" data-element_type=\"container\" data-settings=\"{&quot;content_width&quot;:&quot;full&quot;}\">\n\t\t\t\t<div class=\"elementor-element elementor-element-5cb7038 elementor-widget elementor-widget-heading\" data-id=\"5cb7038\" data-element_type=\"widget\" data-widget_type=\"heading.default\">\n\t\t\t\t<div class=\"elementor-widget-container\">\n\t\t\t<h2 class=\"elementor-heading-title elementor-size-default\">Team Bee Real Estate<\/h2>\t\t<\/div>\n\t\t\t\t<\/div>\n\t\t\t\t<div class=\"elementor-element elementor-element-ce84264 elementor-widget elementor-widget-heading\" data-id=\"ce84264\" data-element_type=\"widget\" data-widget_type=\"heading.default\">\n\t\t\t\t<div class=\"elementor-widget-container\">\n\t\t\t<h2 class=\"elementor-heading-title elementor-size-default\">Shaping the Future for You<\/h2>\t\t<\/div>\n\t\t\t\t<\/div>\n\t\t\t\t<div class=\"elementor-element elementor-element-ad475a7 elementor-widget elementor-widget-text-editor\" data-id=\"ad475a7\" data-element_type=\"widget\" data-widget_type=\"text-editor.default\">\n\t\t\t\t<div class=\"elementor-widget-container\">\n\t\t\t\t\t\t\t<p>Welcome! As Team Bee Real Estate, we are proud to serve you as a consultancy firm specialized in real estate investments. Team Bee, as a real estate agency offering residential and commercial spaces suitable for modern living standards, we focus on creating customized solutions for our customers&#8217; needs.<\/p>\n\t\t\t\t\t\t<\/div>\n\t\t\t\t<\/div>\n\t\t\t\t<div class=\"elementor-element elementor-element-faf2c53 elementor-widget elementor-widget-button\" data-id=\"faf2c53\" data-element_type=\"widget\" data-widget_type=\"button.default\">\n\t\t\t\t<div class=\"elementor-widget-container\">\n\t\t\t\t\t<div class=\"elementor-button-wrapper\">\n\t\t\t<a class=\"elementor-button elementor-button-link elementor-size-md\" href=\"https:\/\/team-bee.com\/en\/index.php\/contact\/\">\n\t\t\t\t\t\t<span class=\"elementor-button-content-wrapper\">\n\t\t\t\t\t\t<span class=\"elementor-button-text\">Contact us<\/span>\n\t\t<\/span>\n\t\t\t\t\t<\/a>\n\t\t<\/div>\n\t\t\t\t<\/div>\n\t\t\t\t<\/div>\n\t\t\t\t<\/div>\n\t\t<div class=\"elementor-element elementor-element-6456f86 e-con-full e-flex e-con e-child\" data-id=\"6456f86\" data-element_type=\"container\" data-settings=\"{&quot;content_width&quot;:&quot;full&quot;}\">\n\t\t\t\t<div class=\"elementor-element elementor-element-c70d2eb elementor-absolute elementor-hidden-tablet elementor-hidden-mobile elementor-widget elementor-widget-image\" data-id=\"c70d2eb\" data-element_type=\"widget\" data-settings=\"{&quot;_position&quot;:&quot;absolute&quot;}\" data-widget_type=\"image.default\">\n\t\t\t\t<div class=\"elementor-widget-container\">\n\t\t\t<style>\/*! elementor - v3.17.0 - 08-11-2023 *\/\n.elementor-widget-image{text-align:center}.elementor-widget-image a{display:inline-block}.elementor-widget-image a img[src$=\".svg\"]{width:48px}.elementor-widget-image img{vertical-align:middle;display:inline-block}<\/style>\t\t\t\t\t\t\t\t\t\t\t\t<img decoding=\"async\" src=\"https:\/\/team-bee.com\/wp-content\/uploads\/2023\/12\/Artboard-1.jpg\" title=\"Artboard 1\" alt=\"Artboard 1\" loading=\"lazy\" \/>\t\t\t\t\t\t\t\t\t\t\t\t\t\t\t<\/div>\n\t\t\t\t<\/div>\n\t\t\t\t<div class=\"elementor-element elementor-element-5dc8bff elementor-hidden-desktop elementor-widget elementor-widget-image\" data-id=\"5dc8bff\" data-element_type=\"widget\" data-widget_type=\"image.default\">\n\t\t\t\t<div class=\"elementor-widget-container\">\n\t\t\t\t\t\t\t\t\t\t\t\t\t\t\t<img decoding=\"async\" src=\"https:\/\/team-bee.com\/wp-content\/uploads\/2023\/12\/Artboard-1-copy-2.jpg\" title=\"Artboard 1 copy 2\" alt=\"Artboard 1 copy 2\" loading=\"lazy\" \/>\t\t\t\t\t\t\t\t\t\t\t\t\t\t\t<\/div>\n\t\t\t\t<\/div>\n\t\t\t\t<div class=\"elementor-element elementor-element-cfc560d elementor-absolute elementor-hidden-tablet elementor-hidden-mobile elementor-widget elementor-widget-image\" data-id=\"cfc560d\" data-element_type=\"widget\" data-settings=\"{&quot;_position&quot;:&quot;absolute&quot;}\" data-widget_type=\"image.default\">\n\t\t\t\t<div class=\"elementor-widget-container\">\n\t\t\t\t\t\t\t\t\t\t\t\t\t\t\t<img decoding=\"async\" src=\"https:\/\/team-bee.com\/wp-content\/uploads\/2023\/12\/Artboard-1-copy.jpg\" title=\"Artboard 1 copy\" alt=\"Artboard 1 copy\" loading=\"lazy\" \/>\t\t\t\t\t\t\t\t\t\t\t\t\t\t\t<\/div>\n\t\t\t\t<\/div>\n\t\t\t\t<\/div>\n\t\t\t\t\t<\/div>\n\t\t\t\t<\/div>\n\t\t<div class=\"elementor-element elementor-element-d076125 e-flex e-con-boxed e-con e-parent\" data-id=\"d076125\" data-element_type=\"container\" data-settings=\"{&quot;background_background&quot;:&quot;classic&quot;,&quot;content_width&quot;:&quot;boxed&quot;}\" data-core-v316-plus=\"true\">\n\t\t\t\t\t<div class=\"e-con-inner\">\n\t\t<div class=\"elementor-element elementor-element-d1af666 e-con-full e-flex e-con e-child\" data-id=\"d1af666\" data-element_type=\"container\" data-settings=\"{&quot;content_width&quot;:&quot;full&quot;}\">\n\t\t\t\t<\/div>\n\t\t<div class=\"elementor-element elementor-element-3a18a87 e-con-full e-flex e-con e-child\" data-id=\"3a18a87\" data-element_type=\"container\" data-settings=\"{&quot;content_width&quot;:&quot;full&quot;}\">\n\t\t\t\t<div class=\"elementor-element elementor-element-c9c2944 elementor-widget elementor-widget-heading\" data-id=\"c9c2944\" data-element_type=\"widget\" data-widget_type=\"heading.default\">\n\t\t\t\t<div class=\"elementor-widget-container\">\n\t\t\t<h2 class=\"elementor-heading-title elementor-size-default\">The Key to Your Investment: Comfort and Profit Together<\/h2>\t\t<\/div>\n\t\t\t\t<\/div>\n\t\t\t\t<div class=\"elementor-element elementor-element-4f25df7 elementor-widget elementor-widget-text-editor\" data-id=\"4f25df7\" data-element_type=\"widget\" data-widget_type=\"text-editor.default\">\n\t\t\t\t<div class=\"elementor-widget-container\">\n\t\t\t\t\t\t\t<p>Get More When Choosing Your Home: The ideal home is not just an investment, it&#8217;s a step into your future<\/p>\n\t\t\t\t\t\t<\/div>\n\t\t\t\t<\/div>\n\t\t\t\t<div class=\"elementor-element elementor-element-7e2991f elementor-align-right elementor-widget elementor-widget-button\" data-id=\"7e2991f\" data-element_type=\"widget\" data-widget_type=\"button.default\">\n\t\t\t\t<div class=\"elementor-widget-container\">\n\t\t\t\t\t<div class=\"elementor-button-wrapper\">\n\t\t\t<a class=\"elementor-button elementor-button-link elementor-size-md\" href=\"https:\/\/team-bee.com\/en\/index.php\/contact\/\">\n\t\t\t\t\t\t<span class=\"elementor-button-content-wrapper\">\n\t\t\t\t\t\t<span class=\"elementor-button-text\">Contact us<\/span>\n\t\t<\/span>\n\t\t\t\t\t<\/a>\n\t\t<\/div>\n\t\t\t\t<\/div>\n\t\t\t\t<\/div>\n\t\t\t\t<\/div>\n\t\t\t\t\t<\/div>\n\t\t\t\t<\/div>\n\t\t<div class=\"elementor-element elementor-element-3d69c49 e-flex e-con-boxed e-con e-parent\" data-id=\"3d69c49\" data-element_type=\"container\" data-settings=\"{&quot;content_width&quot;:&quot;boxed&quot;}\" data-core-v316-plus=\"true\">\n\t\t\t\t\t<div class=\"e-con-inner\">\n\t\t<div class=\"elementor-element elementor-element-6f16b72 e-con-full e-flex e-con e-child\" data-id=\"6f16b72\" data-element_type=\"container\" data-settings=\"{&quot;content_width&quot;:&quot;full&quot;}\">\n\t\t\t\t<div class=\"elementor-element elementor-element-5d1d821 elementor-widget elementor-widget-heading\" data-id=\"5d1d821\" data-element_type=\"widget\" data-widget_type=\"heading.default\">\n\t\t\t\t<div class=\"elementor-widget-container\">\n\t\t\t<h2 class=\"elementor-heading-title elementor-size-default\">Who We Are<\/h2>\t\t<\/div>\n\t\t\t\t<\/div>\n\t\t\t\t<div class=\"elementor-element elementor-element-39f9ac1 elementor-widget elementor-widget-heading\" data-id=\"39f9ac1\" data-element_type=\"widget\" data-widget_type=\"heading.default\">\n\t\t\t\t<div class=\"elementor-widget-container\">\n\t\t\t<h2 class=\"elementor-heading-title elementor-size-default\">Why Team Bee?<\/h2>\t\t<\/div>\n\t\t\t\t<\/div>\n\t\t\t\t<div class=\"elementor-element elementor-element-6a626c1 elementor-widget elementor-widget-text-editor\" data-id=\"6a626c1\" data-element_type=\"widget\" data-widget_type=\"text-editor.default\">\n\t\t\t\t<div class=\"elementor-widget-container\">\n\t\t\t\t\t\t\t<p>As Team Bee Real Estate, we offer you a lifestyle, not a home or a workplace. Join us to be part of your future success story.<\/p>\n<p>For detailed information, you can call us or visit our office.<\/p>\n\t\t\t\t\t\t<\/div>\n\t\t\t\t<\/div>\n\t\t\t\t<div class=\"elementor-element elementor-element-e614a36 elementor-widget elementor-widget-heading\" data-id=\"e614a36\" data-element_type=\"widget\" data-widget_type=\"heading.default\">\n\t\t\t\t<div class=\"elementor-widget-container\">\n\t\t\t<h2 class=\"elementor-heading-title elementor-size-default\">What Do We Offer?<\/h2>\t\t<\/div>\n\t\t\t\t<\/div>\n\t\t\t\t<div class=\"elementor-element elementor-element-f5b1faf elementor-widget elementor-widget-text-editor\" data-id=\"f5b1faf\" data-element_type=\"widget\" data-widget_type=\"text-editor.default\">\n\t\t\t\t<div class=\"elementor-widget-container\">\n\t\t\t\t\t\t\t<p><strong>Reliability and Transparency<\/strong> : Conducting our business in a transparent manner is our primary principle to give confidence to our customers.<\/p>\n\t\t\t\t\t\t<\/div>\n\t\t\t\t<\/div>\n\t\t\t\t<div class=\"elementor-element elementor-element-f5524bc elementor-widget elementor-widget-text-editor\" data-id=\"f5524bc\" data-element_type=\"widget\" data-widget_type=\"text-editor.default\">\n\t\t\t\t<div class=\"elementor-widget-container\">\n\t\t\t\t\t\t\t<p><strong>Professionalism<\/strong> : <\/b>We offer a professional service by following the latest information and best practices in the industry.<\/p>\n\t\t\t\t\t\t<\/div>\n\t\t\t\t<\/div>\n\t\t\t\t<div class=\"elementor-element elementor-element-4627cc8 elementor-widget elementor-widget-text-editor\" data-id=\"4627cc8\" data-element_type=\"widget\" data-widget_type=\"text-editor.default\">\n\t\t\t\t<div class=\"elementor-widget-container\">\n\t\t\t\t\t\t\t <strong> Customer Orientation <\/strong> : The satisfaction of our customers is our top priority. We strive to offer a special experience to every customer.\n\n\t\t\t\t\t\t<\/div>\n\t\t\t\t<\/div>\n\t\t\t\t<\/div>\n\t\t<div class=\"elementor-element elementor-element-4ccb3bf e-con-full e-flex e-con e-child\" data-id=\"4ccb3bf\" data-element_type=\"container\" data-settings=\"{&quot;content_width&quot;:&quot;full&quot;}\">\n\t\t\t\t<div class=\"elementor-element elementor-element-3c96086 elementor-widget elementor-widget-image\" data-id=\"3c96086\" data-element_type=\"widget\" data-widget_type=\"image.default\">\n\t\t\t\t<div class=\"elementor-widget-container\">\n\t\t\t\t\t\t\t\t\t\t\t\t\t\t\t<img decoding=\"async\" src=\"https:\/\/team-bee.com\/wp-content\/uploads\/2023\/12\/paul-szewczyk-bJGy8eodwg4-unsplash.jpg\" title=\"paul-szewczyk-bJGy8eodwg4-unsplash\" alt=\"paul-szewczyk-bJGy8eodwg4-unsplash\" loading=\"lazy\" \/>\t\t\t\t\t\t\t\t\t\t\t\t\t\t\t<\/div>\n\t\t\t\t<\/div>\n\t\t\t\t<\/div>\n\t\t\t\t\t<\/div>\n\t\t\t\t<\/div>\n\t\t\t\t\t\t\t<\/div>\n\t\t","protected":false},"excerpt":{"rendered":"<p>Corporate Our Vision, Mission, Success Story: Meet Us Team Bee Real Estate Shaping the Future for You Welcome! As Team Bee Real Estate, we are proud to serve you as a consultancy firm specialized in real estate investments. Team Bee, as a real estate agency offering residential and commercial spaces suitable for modern living standards,&hellip; <a class=\"more-link\" href=\"https:\/\/team-bee.com\/en\/index.php\/corporate\/\">Continue reading <span class=\"screen-reader-text\">Corporate<\/span><\/a><\/p>\n","protected":false},"author":1,"featured_media":0,"parent":0,"menu_order":0,"comment_status":"closed","ping_status":"closed","template":"elementor_header_footer","meta":{"_vp_format_video_url":"","_vp_image_focal_point":[],"footnotes":""},"class_list":["post-572","page","type-page","status-publish","hentry","entry"],"yoast_head":"<!-- This site is optimized with the Yoast SEO plugin v23.7 - https:\/\/yoast.com\/wordpress\/plugins\/seo\/ -->\n<title>Corporate - Team Bee Investment<\/title>\n<meta name=\"robots\" content=\"index, follow, max-snippet:-1, max-image-preview:large, max-video-preview:-1\" \/>\n<link rel=\"canonical\" href=\"https:\/\/team-bee.com\/index.php\/kurumsal\/\" \/>\n<meta property=\"og:locale\" content=\"en_US\" \/>\n<meta property=\"og:type\" content=\"article\" \/>\n<meta property=\"og:title\" content=\"Corporate - Team Bee Investment\" \/>\n<meta property=\"og:description\" content=\"Corporate Our Vision, Mission, Success Story: Meet Us Team Bee Real Estate Shaping the Future for You Welcome! As Team Bee Real Estate, we are proud to serve you as a consultancy firm specialized in real estate investments. Team Bee, as a real estate agency offering residential and commercial spaces suitable for modern living standards,&hellip; Continue reading Corporate\" \/>\n<meta property=\"og:url\" content=\"https:\/\/team-bee.com\/index.php\/kurumsal\/\" \/>\n<meta property=\"og:site_name\" content=\"Team Bee Investment\" \/>\n<meta property=\"article:publisher\" content=\"https:\/\/www.facebook.com\/teambeeinvestment\" \/>\n<meta property=\"article:modified_time\" content=\"2024-06-05T11:02:08+00:00\" \/>\n<meta property=\"og:image\" content=\"https:\/\/team-bee.com\/wp-content\/uploads\/2023\/12\/Artboard-1.jpg\" \/>\n<meta name=\"twitter:card\" content=\"summary_large_image\" \/>\n<meta name=\"twitter:label1\" content=\"Est. reading time\" \/>\n\t<meta name=\"twitter:data1\" content=\"1 minute\" \/>\n<script type=\"application\/ld+json\" class=\"yoast-schema-graph\">{\"@context\":\"https:\/\/schema.org\",\"@graph\":[{\"@type\":\"WebPage\",\"@id\":\"https:\/\/team-bee.com\/index.php\/kurumsal\/\",\"url\":\"https:\/\/team-bee.com\/index.php\/kurumsal\/\",\"name\":\"Corporate - Team Bee Investment\",\"isPartOf\":{\"@id\":\"https:\/\/team-bee.com\/#website\"},\"primaryImageOfPage\":{\"@id\":\"https:\/\/team-bee.com\/index.php\/kurumsal\/#primaryimage\"},\"image\":{\"@id\":\"https:\/\/team-bee.com\/index.php\/kurumsal\/#primaryimage\"},\"thumbnailUrl\":\"https:\/\/team-bee.com\/wp-content\/uploads\/2023\/12\/Artboard-1.jpg\",\"datePublished\":\"2023-12-25T09:22:34+00:00\",\"dateModified\":\"2024-06-05T11:02:08+00:00\",\"breadcrumb\":{\"@id\":\"https:\/\/team-bee.com\/index.php\/kurumsal\/#breadcrumb\"},\"inLanguage\":\"en-US\",\"potentialAction\":[{\"@type\":\"ReadAction\",\"target\":[\"https:\/\/team-bee.com\/index.php\/kurumsal\/\"]}]},{\"@type\":\"ImageObject\",\"inLanguage\":\"en-US\",\"@id\":\"https:\/\/team-bee.com\/index.php\/kurumsal\/#primaryimage\",\"url\":\"https:\/\/team-bee.com\/wp-content\/uploads\/2023\/12\/Artboard-1.jpg\",\"contentUrl\":\"https:\/\/team-bee.com\/wp-content\/uploads\/2023\/12\/Artboard-1.jpg\"},{\"@type\":\"BreadcrumbList\",\"@id\":\"https:\/\/team-bee.com\/index.php\/kurumsal\/#breadcrumb\",\"itemListElement\":[{\"@type\":\"ListItem\",\"position\":1,\"name\":\"Anasayfa\",\"item\":\"https:\/\/team-bee.com\/\"},{\"@type\":\"ListItem\",\"position\":2,\"name\":\"Corporate\"}]},{\"@type\":\"WebSite\",\"@id\":\"https:\/\/team-bee.com\/#website\",\"url\":\"https:\/\/team-bee.com\/\",\"name\":\"Team Bee Investment\",\"description\":\"Sizin \u0130\u00e7in Yat\u0131r\u0131m, Bizim \u0130\u00e7in Gelecek\",\"publisher\":{\"@id\":\"https:\/\/team-bee.com\/#organization\"},\"potentialAction\":[{\"@type\":\"SearchAction\",\"target\":{\"@type\":\"EntryPoint\",\"urlTemplate\":\"https:\/\/team-bee.com\/?s={search_term_string}\"},\"query-input\":{\"@type\":\"PropertyValueSpecification\",\"valueRequired\":true,\"valueName\":\"search_term_string\"}}],\"inLanguage\":\"en-US\"},{\"@type\":\"Organization\",\"@id\":\"https:\/\/team-bee.com\/#organization\",\"name\":\"Team Bee Investment\",\"url\":\"https:\/\/team-bee.com\/\",\"logo\":{\"@type\":\"ImageObject\",\"inLanguage\":\"en-US\",\"@id\":\"https:\/\/team-bee.com\/#\/schema\/logo\/image\/\",\"url\":\"https:\/\/team-bee.com\/wp-content\/uploads\/2023\/11\/teambeeLogo.png\",\"contentUrl\":\"https:\/\/team-bee.com\/wp-content\/uploads\/2023\/11\/teambeeLogo.png\",\"width\":1851,\"height\":566,\"caption\":\"Team Bee Investment\"},\"image\":{\"@id\":\"https:\/\/team-bee.com\/#\/schema\/logo\/image\/\"},\"sameAs\":[\"https:\/\/www.facebook.com\/teambeeinvestment\",\"https:\/\/www.instagram.com\/teambeeinvestment\/\"]}]}<\/script>\n<!-- \/ Yoast SEO plugin. -->","yoast_head_json":{"title":"Corporate - Team Bee Investment","robots":{"index":"index","follow":"follow","max-snippet":"max-snippet:-1","max-image-preview":"max-image-preview:large","max-video-preview":"max-video-preview:-1"},"canonical":"https:\/\/team-bee.com\/index.php\/kurumsal\/","og_locale":"en_US","og_type":"article","og_title":"Corporate - Team Bee Investment","og_description":"Corporate Our Vision, Mission, Success Story: Meet Us Team Bee Real Estate Shaping the Future for You Welcome! As Team Bee Real Estate, we are proud to serve you as a consultancy firm specialized in real estate investments. Team Bee, as a real estate agency offering residential and commercial spaces suitable for modern living standards,&hellip; Continue reading Corporate","og_url":"https:\/\/team-bee.com\/index.php\/kurumsal\/","og_site_name":"Team Bee Investment","article_publisher":"https:\/\/www.facebook.com\/teambeeinvestment","article_modified_time":"2024-06-05T11:02:08+00:00","og_image":[{"url":"https:\/\/team-bee.com\/wp-content\/uploads\/2023\/12\/Artboard-1.jpg"}],"twitter_card":"summary_large_image","twitter_misc":{"Est. reading time":"1 minute"},"schema":{"@context":"https:\/\/schema.org","@graph":[{"@type":"WebPage","@id":"https:\/\/team-bee.com\/index.php\/kurumsal\/","url":"https:\/\/team-bee.com\/index.php\/kurumsal\/","name":"Corporate - Team Bee Investment","isPartOf":{"@id":"https:\/\/team-bee.com\/#website"},"primaryImageOfPage":{"@id":"https:\/\/team-bee.com\/index.php\/kurumsal\/#primaryimage"},"image":{"@id":"https:\/\/team-bee.com\/index.php\/kurumsal\/#primaryimage"},"thumbnailUrl":"https:\/\/team-bee.com\/wp-content\/uploads\/2023\/12\/Artboard-1.jpg","datePublished":"2023-12-25T09:22:34+00:00","dateModified":"2024-06-05T11:02:08+00:00","breadcrumb":{"@id":"https:\/\/team-bee.com\/index.php\/kurumsal\/#breadcrumb"},"inLanguage":"en-US","potentialAction":[{"@type":"ReadAction","target":["https:\/\/team-bee.com\/index.php\/kurumsal\/"]}]},{"@type":"ImageObject","inLanguage":"en-US","@id":"https:\/\/team-bee.com\/index.php\/kurumsal\/#primaryimage","url":"https:\/\/team-bee.com\/wp-content\/uploads\/2023\/12\/Artboard-1.jpg","contentUrl":"https:\/\/team-bee.com\/wp-content\/uploads\/2023\/12\/Artboard-1.jpg"},{"@type":"BreadcrumbList","@id":"https:\/\/team-bee.com\/index.php\/kurumsal\/#breadcrumb","itemListElement":[{"@type":"ListItem","position":1,"name":"Anasayfa","item":"https:\/\/team-bee.com\/"},{"@type":"ListItem","position":2,"name":"Corporate"}]},{"@type":"WebSite","@id":"https:\/\/team-bee.com\/#website","url":"https:\/\/team-bee.com\/","name":"Team Bee Investment","description":"Sizin \u0130\u00e7in Yat\u0131r\u0131m, Bizim \u0130\u00e7in Gelecek","publisher":{"@id":"https:\/\/team-bee.com\/#organization"},"potentialAction":[{"@type":"SearchAction","target":{"@type":"EntryPoint","urlTemplate":"https:\/\/team-bee.com\/?s={search_term_string}"},"query-input":{"@type":"PropertyValueSpecification","valueRequired":true,"valueName":"search_term_string"}}],"inLanguage":"en-US"},{"@type":"Organization","@id":"https:\/\/team-bee.com\/#organization","name":"Team Bee Investment","url":"https:\/\/team-bee.com\/","logo":{"@type":"ImageObject","inLanguage":"en-US","@id":"https:\/\/team-bee.com\/#\/schema\/logo\/image\/","url":"https:\/\/team-bee.com\/wp-content\/uploads\/2023\/11\/teambeeLogo.png","contentUrl":"https:\/\/team-bee.com\/wp-content\/uploads\/2023\/11\/teambeeLogo.png","width":1851,"height":566,"caption":"Team Bee Investment"},"image":{"@id":"https:\/\/team-bee.com\/#\/schema\/logo\/image\/"},"sameAs":["https:\/\/www.facebook.com\/teambeeinvestment","https:\/\/www.instagram.com\/teambeeinvestment\/"]}]}},"_links":{"self":[{"href":"https:\/\/team-bee.com\/en\/index.php\/wp-json\/wp\/v2\/pages\/572","targetHints":{"allow":["GET"]}}],"collection":[{"href":"https:\/\/team-bee.com\/en\/index.php\/wp-json\/wp\/v2\/pages"}],"about":[{"href":"https:\/\/team-bee.com\/en\/index.php\/wp-json\/wp\/v2\/types\/page"}],"author":[{"embeddable":true,"href":"https:\/\/team-bee.com\/en\/index.php\/wp-json\/wp\/v2\/users\/1"}],"replies":[{"embeddable":true,"href":"https:\/\/team-bee.com\/en\/index.php\/wp-json\/wp\/v2\/comments?post=572"}],"version-history":[{"count":0,"href":"https:\/\/team-bee.com\/en\/index.php\/wp-json\/wp\/v2\/pages\/572\/revisions"}],"wp:attachment":[{"href":"https:\/\/team-bee.com\/en\/index.php\/wp-json\/wp\/v2\/media?parent=572"}],"curies":[{"name":"wp","href":"https:\/\/api.w.org\/{rel}","templated":true}]}}