{"id":564,"date":"2023-12-25T17:02:46","date_gmt":"2023-12-25T14:02:46","guid":{"rendered":"https:\/\/team-bee.com\/index.php\/blog\/"},"modified":"2024-06-05T13:59:43","modified_gmt":"2024-06-05T10:59:43","slug":"blog","status":"publish","type":"page","link":"https:\/\/team-bee.com\/en\/index.php\/blog\/","title":{"rendered":"Blog"},"content":{"rendered":"\t\t<div data-elementor-type=\"wp-page\" data-elementor-id=\"564\" class=\"elementor elementor-564 elementor-214\" data-elementor-post-type=\"page\">\n\t\t\t\t\t\t\t<div class=\"elementor-element elementor-element-252e3bd e-con-full e-flex e-con e-parent\" data-id=\"252e3bd\" data-element_type=\"container\" data-settings=\"{&quot;content_width&quot;:&quot;full&quot;,&quot;background_background&quot;:&quot;classic&quot;}\" data-core-v316-plus=\"true\">\n\t\t\t\t<div class=\"elementor-element elementor-element-7e977c7 elementor-widget elementor-widget-heading\" data-id=\"7e977c7\" data-element_type=\"widget\" data-widget_type=\"heading.default\">\n\t\t\t\t<div class=\"elementor-widget-container\">\n\t\t\t<style>\/*! elementor - v3.17.0 - 08-11-2023 *\/\n.elementor-heading-title{padding:0;margin:0;line-height:1}.elementor-widget-heading .elementor-heading-title[class*=elementor-size-]>a{color:inherit;font-size:inherit;line-height:inherit}.elementor-widget-heading .elementor-heading-title.elementor-size-small{font-size:15px}.elementor-widget-heading .elementor-heading-title.elementor-size-medium{font-size:19px}.elementor-widget-heading .elementor-heading-title.elementor-size-large{font-size:29px}.elementor-widget-heading .elementor-heading-title.elementor-size-xl{font-size:39px}.elementor-widget-heading .elementor-heading-title.elementor-size-xxl{font-size:59px}<\/style><h2 class=\"elementor-heading-title elementor-size-default\">Blog<\/h2>\t\t<\/div>\n\t\t\t\t<\/div>\n\t\t\t\t<div class=\"elementor-element elementor-element-3ad686c elementor-widget elementor-widget-text-editor\" data-id=\"3ad686c\" data-element_type=\"widget\" data-widget_type=\"text-editor.default\">\n\t\t\t\t<div class=\"elementor-widget-container\">\n\t\t\t<style>\/*! elementor - v3.17.0 - 08-11-2023 *\/\n.elementor-widget-text-editor.elementor-drop-cap-view-stacked .elementor-drop-cap{background-color:#69727d;color:#fff}.elementor-widget-text-editor.elementor-drop-cap-view-framed .elementor-drop-cap{color:#69727d;border:3px solid;background-color:transparent}.elementor-widget-text-editor:not(.elementor-drop-cap-view-default) .elementor-drop-cap{margin-top:8px}.elementor-widget-text-editor:not(.elementor-drop-cap-view-default) .elementor-drop-cap-letter{width:1em;height:1em}.elementor-widget-text-editor .elementor-drop-cap{float:left;text-align:center;line-height:1;font-size:50px}.elementor-widget-text-editor .elementor-drop-cap-letter{display:inline-block}<\/style>\t\t\t\t<p>Practical Information, Current Trends and Smart Solutions<\/p>\n\t\t\t\t\t\t<\/div>\n\t\t\t\t<\/div>\n\t\t\t\t<\/div>\n\t\t<div class=\"elementor-element elementor-element-53c8611 e-flex e-con-boxed e-con e-parent\" data-id=\"53c8611\" data-element_type=\"container\" data-settings=\"{&quot;content_width&quot;:&quot;boxed&quot;}\" data-core-v316-plus=\"true\">\n\t\t\t\t\t<div class=\"e-con-inner\">\n\t\t\t\t\t<\/div>\n\t\t\t\t<\/div>\n\t\t\t\t\t\t\t<\/div>\n\t\t","protected":false},"excerpt":{"rendered":"<p>Blog Practical Information, Current Trends and Smart Solutions<\/p>\n","protected":false},"author":1,"featured_media":0,"parent":0,"menu_order":0,"comment_status":"closed","ping_status":"closed","template":"elementor_header_footer","meta":{"_vp_format_video_url":"","_vp_image_focal_point":[],"footnotes":""},"class_list":["post-564","page","type-page","status-publish","hentry","entry"],"yoast_head":"<!-- This site is optimized with the Yoast SEO plugin v23.7 - https:\/\/yoast.com\/wordpress\/plugins\/seo\/ -->\n<title>Blog - Team Bee Investment<\/title>\n<meta name=\"robots\" content=\"index, follow, max-snippet:-1, max-image-preview:large, max-video-preview:-1\" \/>\n<link rel=\"canonical\" href=\"https:\/\/team-bee.com\/index.php\/blog\/\" \/>\n<meta property=\"og:locale\" content=\"en_US\" \/>\n<meta property=\"og:type\" content=\"article\" \/>\n<meta property=\"og:title\" content=\"Blog - Team Bee Investment\" \/>\n<meta property=\"og:description\" content=\"Blog Practical Information, Current Trends and Smart Solutions\" \/>\n<meta property=\"og:url\" content=\"https:\/\/team-bee.com\/index.php\/blog\/\" \/>\n<meta property=\"og:site_name\" content=\"Team Bee Investment\" \/>\n<meta property=\"article:publisher\" content=\"https:\/\/www.facebook.com\/teambeeinvestment\" \/>\n<meta property=\"article:modified_time\" content=\"2024-06-05T10:59:43+00:00\" \/>\n<meta name=\"twitter:card\" content=\"summary_large_image\" \/>\n<script type=\"application\/ld+json\" class=\"yoast-schema-graph\">{\"@context\":\"https:\/\/schema.org\",\"@graph\":[{\"@type\":\"WebPage\",\"@id\":\"https:\/\/team-bee.com\/index.php\/blog\/\",\"url\":\"https:\/\/team-bee.com\/index.php\/blog\/\",\"name\":\"Blog - Team Bee Investment\",\"isPartOf\":{\"@id\":\"https:\/\/team-bee.com\/#website\"},\"datePublished\":\"2023-12-25T14:02:46+00:00\",\"dateModified\":\"2024-06-05T10:59:43+00:00\",\"breadcrumb\":{\"@id\":\"https:\/\/team-bee.com\/index.php\/blog\/#breadcrumb\"},\"inLanguage\":\"en-US\",\"potentialAction\":[{\"@type\":\"ReadAction\",\"target\":[\"https:\/\/team-bee.com\/index.php\/blog\/\"]}]},{\"@type\":\"BreadcrumbList\",\"@id\":\"https:\/\/team-bee.com\/index.php\/blog\/#breadcrumb\",\"itemListElement\":[{\"@type\":\"ListItem\",\"position\":1,\"name\":\"Anasayfa\",\"item\":\"https:\/\/team-bee.com\/\"},{\"@type\":\"ListItem\",\"position\":2,\"name\":\"Blog\"}]},{\"@type\":\"WebSite\",\"@id\":\"https:\/\/team-bee.com\/#website\",\"url\":\"https:\/\/team-bee.com\/\",\"name\":\"Team Bee Investment\",\"description\":\"Sizin \u0130\u00e7in Yat\u0131r\u0131m, Bizim \u0130\u00e7in Gelecek\",\"publisher\":{\"@id\":\"https:\/\/team-bee.com\/#organization\"},\"potentialAction\":[{\"@type\":\"SearchAction\",\"target\":{\"@type\":\"EntryPoint\",\"urlTemplate\":\"https:\/\/team-bee.com\/?s={search_term_string}\"},\"query-input\":{\"@type\":\"PropertyValueSpecification\",\"valueRequired\":true,\"valueName\":\"search_term_string\"}}],\"inLanguage\":\"en-US\"},{\"@type\":\"Organization\",\"@id\":\"https:\/\/team-bee.com\/#organization\",\"name\":\"Team Bee Investment\",\"url\":\"https:\/\/team-bee.com\/\",\"logo\":{\"@type\":\"ImageObject\",\"inLanguage\":\"en-US\",\"@id\":\"https:\/\/team-bee.com\/#\/schema\/logo\/image\/\",\"url\":\"https:\/\/team-bee.com\/wp-content\/uploads\/2023\/11\/teambeeLogo.png\",\"contentUrl\":\"https:\/\/team-bee.com\/wp-content\/uploads\/2023\/11\/teambeeLogo.png\",\"width\":1851,\"height\":566,\"caption\":\"Team Bee Investment\"},\"image\":{\"@id\":\"https:\/\/team-bee.com\/#\/schema\/logo\/image\/\"},\"sameAs\":[\"https:\/\/www.facebook.com\/teambeeinvestment\",\"https:\/\/www.instagram.com\/teambeeinvestment\/\"]}]}<\/script>\n<!-- \/ Yoast SEO plugin. -->","yoast_head_json":{"title":"Blog - Team Bee Investment","robots":{"index":"index","follow":"follow","max-snippet":"max-snippet:-1","max-image-preview":"max-image-preview:large","max-video-preview":"max-video-preview:-1"},"canonical":"https:\/\/team-bee.com\/index.php\/blog\/","og_locale":"en_US","og_type":"article","og_title":"Blog - Team Bee Investment","og_description":"Blog Practical Information, Current Trends and Smart Solutions","og_url":"https:\/\/team-bee.com\/index.php\/blog\/","og_site_name":"Team Bee Investment","article_publisher":"https:\/\/www.facebook.com\/teambeeinvestment","article_modified_time":"2024-06-05T10:59:43+00:00","twitter_card":"summary_large_image","schema":{"@context":"https:\/\/schema.org","@graph":[{"@type":"WebPage","@id":"https:\/\/team-bee.com\/index.php\/blog\/","url":"https:\/\/team-bee.com\/index.php\/blog\/","name":"Blog - Team Bee Investment","isPartOf":{"@id":"https:\/\/team-bee.com\/#website"},"datePublished":"2023-12-25T14:02:46+00:00","dateModified":"2024-06-05T10:59:43+00:00","breadcrumb":{"@id":"https:\/\/team-bee.com\/index.php\/blog\/#breadcrumb"},"inLanguage":"en-US","potentialAction":[{"@type":"ReadAction","target":["https:\/\/team-bee.com\/index.php\/blog\/"]}]},{"@type":"BreadcrumbList","@id":"https:\/\/team-bee.com\/index.php\/blog\/#breadcrumb","itemListElement":[{"@type":"ListItem","position":1,"name":"Anasayfa","item":"https:\/\/team-bee.com\/"},{"@type":"ListItem","position":2,"name":"Blog"}]},{"@type":"WebSite","@id":"https:\/\/team-bee.com\/#website","url":"https:\/\/team-bee.com\/","name":"Team Bee Investment","description":"Sizin \u0130\u00e7in Yat\u0131r\u0131m, Bizim \u0130\u00e7in Gelecek","publisher":{"@id":"https:\/\/team-bee.com\/#organization"},"potentialAction":[{"@type":"SearchAction","target":{"@type":"EntryPoint","urlTemplate":"https:\/\/team-bee.com\/?s={search_term_string}"},"query-input":{"@type":"PropertyValueSpecification","valueRequired":true,"valueName":"search_term_string"}}],"inLanguage":"en-US"},{"@type":"Organization","@id":"https:\/\/team-bee.com\/#organization","name":"Team Bee Investment","url":"https:\/\/team-bee.com\/","logo":{"@type":"ImageObject","inLanguage":"en-US","@id":"https:\/\/team-bee.com\/#\/schema\/logo\/image\/","url":"https:\/\/team-bee.com\/wp-content\/uploads\/2023\/11\/teambeeLogo.png","contentUrl":"https:\/\/team-bee.com\/wp-content\/uploads\/2023\/11\/teambeeLogo.png","width":1851,"height":566,"caption":"Team Bee Investment"},"image":{"@id":"https:\/\/team-bee.com\/#\/schema\/logo\/image\/"},"sameAs":["https:\/\/www.facebook.com\/teambeeinvestment","https:\/\/www.instagram.com\/teambeeinvestment\/"]}]}},"_links":{"self":[{"href":"https:\/\/team-bee.com\/en\/index.php\/wp-json\/wp\/v2\/pages\/564","targetHints":{"allow":["GET"]}}],"collection":[{"href":"https:\/\/team-bee.com\/en\/index.php\/wp-json\/wp\/v2\/pages"}],"about":[{"href":"https:\/\/team-bee.com\/en\/index.php\/wp-json\/wp\/v2\/types\/page"}],"author":[{"embeddable":true,"href":"https:\/\/team-bee.com\/en\/index.php\/wp-json\/wp\/v2\/users\/1"}],"replies":[{"embeddable":true,"href":"https:\/\/team-bee.com\/en\/index.php\/wp-json\/wp\/v2\/comments?post=564"}],"version-history":[{"count":0,"href":"https:\/\/team-bee.com\/en\/index.php\/wp-json\/wp\/v2\/pages\/564\/revisions"}],"wp:attachment":[{"href":"https:\/\/team-bee.com\/en\/index.php\/wp-json\/wp\/v2\/media?parent=564"}],"curies":[{"name":"wp","href":"https:\/\/api.w.org\/{rel}","templated":true}]}}